{"id":441,"date":"2025-09-29T17:56:31","date_gmt":"2025-09-29T15:56:31","guid":{"rendered":"https:\/\/eliton-wallet.pl\/?post_type=product&#038;p=441"},"modified":"2025-09-29T17:56:31","modified_gmt":"2025-09-29T15:56:31","slug":"forestdawn_24qaz771","status":"publish","type":"product","link":"https:\/\/eliton-wallet.pl\/index.php\/produkt\/forestdawn_24qaz771\/","title":{"rendered":"ForestDawn\\_24qaz771"},"content":{"rendered":"<p>NFT_OffChain<\/p>\n<p>Atrybuty: Misty forest at dawn, soft green and white palette, delicate illustration, inspirational quote: &#8222;Dbaj o ka\u017cdy li\u015b\u0107, bo ka\u017cdy oddycha z tob\u0105&#8221;, calm and meditative, 8K<\/p>\n","protected":false},"excerpt":{"rendered":"<p><em lang=\"en\">non-fungible token<\/em><\/p>\n","protected":false},"featured_media":442,"template":"","meta":[],"product_brand":[],"product_cat":[36],"product_tag":[],"class_list":{"0":"post-441","1":"product","2":"type-product","3":"status-publish","4":"has-post-thumbnail","6":"product_cat-methaphisycal","8":"first","9":"instock","10":"downloadable","11":"virtual","12":"sold-individually","13":"purchasable","14":"product-type-simple"},"_links":{"self":[{"href":"https:\/\/eliton-wallet.pl\/index.php\/wp-json\/wp\/v2\/product\/441","targetHints":{"allow":["GET"]}}],"collection":[{"href":"https:\/\/eliton-wallet.pl\/index.php\/wp-json\/wp\/v2\/product"}],"about":[{"href":"https:\/\/eliton-wallet.pl\/index.php\/wp-json\/wp\/v2\/types\/product"}],"wp:featuredmedia":[{"embeddable":true,"href":"https:\/\/eliton-wallet.pl\/index.php\/wp-json\/wp\/v2\/media\/442"}],"wp:attachment":[{"href":"https:\/\/eliton-wallet.pl\/index.php\/wp-json\/wp\/v2\/media?parent=441"}],"wp:term":[{"taxonomy":"product_brand","embeddable":true,"href":"https:\/\/eliton-wallet.pl\/index.php\/wp-json\/wp\/v2\/product_brand?post=441"},{"taxonomy":"product_cat","embeddable":true,"href":"https:\/\/eliton-wallet.pl\/index.php\/wp-json\/wp\/v2\/product_cat?post=441"},{"taxonomy":"product_tag","embeddable":true,"href":"https:\/\/eliton-wallet.pl\/index.php\/wp-json\/wp\/v2\/product_tag?post=441"}],"curies":[{"name":"wp","href":"https:\/\/api.w.org\/{rel}","templated":true}]}}